{"id":6162,"date":"2014-06-19T17:16:43","date_gmt":"2014-06-19T15:16:43","guid":{"rendered":"https:\/\/www.baretti.it\/spare-parts\/"},"modified":"2023-03-06T22:05:11","modified_gmt":"2023-03-06T21:05:11","slug":"spare-parts","status":"publish","type":"page","link":"https:\/\/www.baretti.it\/it\/spare-parts\/","title":{"rendered":"Servizi"},"content":{"rendered":"<div class=\"page-section content-fixed padding-medium bg-custom-color arrow-down\" style=\"background-color:#ffffff;\"><div class=\"container\"><div class=\"section-arrow-left\" style=\"border-top-color:#ffffff; border-bottom-color:#ffffff; border-left-color:#ffffff;\"><\/div><div class=\"section-arrow-right\" style=\"border-top-color:#ffffff; border-bottom-color:#ffffff; border-right-color:#ffffff;\"><\/div><div class=\"section-content\">\n\t\t\t<div>\n\t\t\t<div class=\"row\">\n\t\t\t<div class=\"col-md-12\"><div class=\"md-text-block\"><\/p>\n<h4 style=\"text-align: center;\">Baretti France \u00e8 stata creata nel 2009 per occuparsi delle attivit\u00e0 di ricambistica e assistenza in loco di Baretti<\/h4>\n<p style=\"text-align: center;\">L&#8217;HQ Baretti segue le attivit\u00e0 italiane di ricambi e servizi di cantiere.<\/p>\n<p style=\"text-align: center;\">Forniamo tutti i tipi di trays, packing (random and structured), columns internals e separators\u00a0internals in base alle priorit\u00e0, base o emergenza. Qualsiasi modifica richiesta agli attacchi della torre pu\u00f2 anche essere inclusa nella fornitura.<\/p>\n<p style=\"text-align: center;\">Il materiale di costruzione spazia dai metalli pi\u00f9 comuni (carbon steel, AISI, 410S, AISI 304 and 304L, AISI 316 and 316L, AISI 317 and AISI 321, copper) ai pi\u00f9 particolari(Monel, Inconel,Duplex etc.).<\/p>\n<p style=\"text-align: center;\">Mobile Warehouse e il nostro personale di Assistenza Tecnica sono a disposizione per supportare i clienti durante turndown e arresti di emergenza.<\/p>\n<p><\/div>\n\t\t\t<\/div>\n\t\t\t<\/div>\n\t\t\t<\/div><\/div><\/div><\/div>\n","protected":false},"excerpt":{"rendered":"Baretti France \u00e8 stata creata nel 2009 per occuparsi delle attivit\u00e0 di ricambistica e assistenza in loco di Baretti L'HQ Baretti segue le attivit\u00e0 italiane di ricambi e servizi di cantiere. Forniamo tutti i tipi di trays, packing (random and structured), columns internals e separators\u00a0internals in base alle priorit\u00e0, base o emergenza. Qualsiasi modifica richiesta [...]","protected":false},"author":1,"featured_media":0,"parent":0,"menu_order":0,"comment_status":"open","ping_status":"closed","template":"","meta":{"footnotes":""},"class_list":["post-6162","page","type-page","status-publish","hentry"],"_links":{"self":[{"href":"https:\/\/www.baretti.it\/it\/wp-json\/wp\/v2\/pages\/6162","targetHints":{"allow":["GET"]}}],"collection":[{"href":"https:\/\/www.baretti.it\/it\/wp-json\/wp\/v2\/pages"}],"about":[{"href":"https:\/\/www.baretti.it\/it\/wp-json\/wp\/v2\/types\/page"}],"author":[{"embeddable":true,"href":"https:\/\/www.baretti.it\/it\/wp-json\/wp\/v2\/users\/1"}],"replies":[{"embeddable":true,"href":"https:\/\/www.baretti.it\/it\/wp-json\/wp\/v2\/comments?post=6162"}],"version-history":[{"count":1,"href":"https:\/\/www.baretti.it\/it\/wp-json\/wp\/v2\/pages\/6162\/revisions"}],"predecessor-version":[{"id":6165,"href":"https:\/\/www.baretti.it\/it\/wp-json\/wp\/v2\/pages\/6162\/revisions\/6165"}],"wp:attachment":[{"href":"https:\/\/www.baretti.it\/it\/wp-json\/wp\/v2\/media?parent=6162"}],"curies":[{"name":"wp","href":"https:\/\/api.w.org\/{rel}","templated":true}]}}